{"id":78,"date":"2011-02-23T22:58:20","date_gmt":"2011-02-23T22:58:20","guid":{"rendered":"http:\/\/www.geschiebekunde.de\/?page_id=78"},"modified":"2022-11-21T00:08:07","modified_gmt":"2022-11-20T23:08:07","slug":"jahrestagungen","status":"publish","type":"page","link":"https:\/\/www.geschiebekunde.de\/nl\/der-verein\/jahrestagungen\/","title":{"rendered":"Jahrestagung"},"content":{"rendered":"<h1 style=\"text-align: center;\"><strong>Jahrestagungen&nbsp;<\/strong><strong>der <\/strong><\/h1>\n<h1 style=\"text-align: center;\"><strong>Gesellschaft f\u00fcr Geschiebekunde<\/strong><\/h1>\n<p>&nbsp;<\/p>\n<p>Allj\u00e4hrlich findet \u00fcblicherweise Ende April von Freitag bis Sonntag die dreit\u00e4gige Jahrestagung f\u00fcr Mitglieder und Interessierte an wechselnden Tagungsorten statt.<br \/>\nIn der Regel beginnt die Tagung am Freitag mit einem \u00f6ffentlichen Abendvortrag. Am Samstag werden vielf\u00e4ltige Vortr\u00e4ge zu s\u00e4mtlichen geschiebekundlichen Themen gehalten, welcher mit der j\u00e4hrlichen Mitgliederversammlung des Vereins endet. Am dritten Tag, finden \u00fcblicherweise verschiedene Exkursionen in das jeweilige Umland des Tagungsortes statt.<\/p>\n<hr>\n<p style=\"text-align: center;\">F\u00fcr weitere Informationen zu aktuellen und vergangenen Jahrestagungen folgen Sie den links!<\/p>\n<p>&nbsp;<\/p>\n<table>\n<tbody>\n<tr>\n<td style=\"text-align: center;\"><ul class=\"lcp_catlist\" id=\"lcp_instance_0\"><li><a href=\"https:\/\/www.geschiebekunde.de\/nl\/ankuendigung-der-jahreshauptversammlung-und-der-jahrestagung-2026-der-gesellschaft-fuer-geschiebekunde-in-flensburg-schleswig-holstein\/\">Ank\u00fcndigung der Jahreshauptversammlung und der Jahrestagung 2026 der Gesellschaft f\u00fcr Geschiebekunde in Flensburg (Schleswig-Holstein)<\/a><\/li><li><a href=\"https:\/\/www.geschiebekunde.de\/nl\/40-jahrestagung-2025-rostock-mv\/\">40. Jahrestagung \u2013 2025 \u2013 Rostock<\/a><\/li><li><a href=\"https:\/\/www.geschiebekunde.de\/nl\/38-jahrestagung-2023-sassnitz\/\">38. Jahrestagung &#8211; 2023 &#8211; Sassnitz<\/a><\/li><li><a href=\"https:\/\/www.geschiebekunde.de\/nl\/37-jahrestagung-2022-potsdam\/\">37. Jahrestagung &#8211; 2022 &#8211; Potsdam<\/a><\/li><li><a href=\"https:\/\/www.geschiebekunde.de\/nl\/36-jahrestagung\/\">36. Jahrestagung &#8211; 2021 &#8211; Rerik (Strand)<\/a><\/li><li><a href=\"https:\/\/www.geschiebekunde.de\/nl\/36-jahrestagung-2020-rerik\/\">36. Jahrestagung &#8211; 2020 &#8211; verschoben<\/a><\/li><li><a href=\"https:\/\/www.geschiebekunde.de\/nl\/35-jahrestagung-der-gfg-2019-neubrandenburg\/\">35. Jahrestagung der GfG &#8211; 2019 &#8211; Neubrandenburg<\/a><\/li><li><a href=\"https:\/\/www.geschiebekunde.de\/nl\/34-jahrestagung-2018-raben-steinfeld\/\">34. Jahrestagung &#8211; 2018 &#8211; Raben Steinfeld<\/a><\/li><li><a href=\"https:\/\/www.geschiebekunde.de\/nl\/33-jahrestagung\/\">33. Jahrestagung &#8211; 2017 &#8211; Bitterfeld<\/a><\/li><li><a href=\"https:\/\/www.geschiebekunde.de\/nl\/32-jahrestagung\/\">32. Jahrestagung &#8211; 2016 &#8211; Fehrenb\u00f6tel<\/a><\/li><li><a href=\"https:\/\/www.geschiebekunde.de\/nl\/10-jahrestagung-1994-hamburg\/\">10. Jahrestagung &#8211; 1994 &#8211; Hamburg<\/a><\/li><li><a href=\"https:\/\/www.geschiebekunde.de\/nl\/09-jahrestagung-1993-moelln\/\">09. Jahrestagung &#8211; 1993 &#8211; M\u00f6lln<\/a><\/li><li><a href=\"https:\/\/www.geschiebekunde.de\/nl\/02-jahrestagung-1986-luebeck\/\">02. Jahrestagung \u2013 1986 \u2013 L\u00fcbeck<\/a><\/li><li><a href=\"https:\/\/www.geschiebekunde.de\/nl\/01-jahrestagung-schleswig\/\">01. Jahrestagung &#8211; 1985 &#8211; Schleswig<\/a><\/li><\/ul><\/td>\n<\/tr>\n<\/tbody>\n<\/table>\n","protected":false},"excerpt":{"rendered":"<p>Jahrestagungen&nbsp;der Gesellschaft f\u00fcr Geschiebekunde &nbsp; Allj\u00e4hrlich findet \u00fcblicherweise Ende April von Freitag bis Sonntag die dreit\u00e4gige Jahrestagung f\u00fcr Mitglieder und Interessierte an wechselnden Tagungsorten statt. In der Regel beginnt die Tagung am Freitag mit einem \u00f6ffentlichen Abendvortrag. Am Samstag werden vielf\u00e4ltige Vortr\u00e4ge zu s\u00e4mtlichen geschiebekundlichen Themen gehalten, welcher mit der j\u00e4hrlichen Mitgliederversammlung des Vereins endet.&hellip;&nbsp;<a href=\"https:\/\/www.geschiebekunde.de\/nl\/der-verein\/jahrestagungen\/\" rel=\"bookmark\">Read More &raquo;<span class=\"screen-reader-text\">Jahrestagung<\/span><\/a><\/p>\n","protected":false},"author":1,"featured_media":0,"parent":18,"menu_order":5,"comment_status":"closed","ping_status":"closed","template":"","meta":{"_acf_changed":false,"neve_meta_sidebar":"","neve_meta_container":"","neve_meta_enable_content_width":"off","neve_meta_content_width":70,"neve_meta_title_alignment":"","neve_meta_author_avatar":"","neve_post_elements_order":"","neve_meta_disable_header":"","neve_meta_disable_footer":"","neve_meta_disable_title":"","ngg_post_thumbnail":0,"_bos_mb_destination":[""],"footnotes":""},"class_list":["post-78","page","type-page","status-publish","hentry"],"translation":{"provider":"WPGlobus","version":"3.0.2","language":"nl","enabled_languages":["de","en","nl"],"languages":{"de":{"title":true,"content":true,"excerpt":false},"en":{"title":false,"content":false,"excerpt":false},"nl":{"title":false,"content":false,"excerpt":false}}},"acf":[],"publishpress_future_action":{"enabled":false,"date":"2026-04-20 07:51:28","action":"change-status","newStatus":"draft","terms":[],"taxonomy":"","extraData":[]},"publishpress_future_workflow_manual_trigger":{"enabledWorkflows":[]},"_links":{"self":[{"href":"https:\/\/www.geschiebekunde.de\/nl\/wp-json\/wp\/v2\/pages\/78","targetHints":{"allow":["GET"]}}],"collection":[{"href":"https:\/\/www.geschiebekunde.de\/nl\/wp-json\/wp\/v2\/pages"}],"about":[{"href":"https:\/\/www.geschiebekunde.de\/nl\/wp-json\/wp\/v2\/types\/page"}],"author":[{"embeddable":true,"href":"https:\/\/www.geschiebekunde.de\/nl\/wp-json\/wp\/v2\/users\/1"}],"replies":[{"embeddable":true,"href":"https:\/\/www.geschiebekunde.de\/nl\/wp-json\/wp\/v2\/comments?post=78"}],"version-history":[{"count":172,"href":"https:\/\/www.geschiebekunde.de\/nl\/wp-json\/wp\/v2\/pages\/78\/revisions"}],"predecessor-version":[{"id":18267,"href":"https:\/\/www.geschiebekunde.de\/nl\/wp-json\/wp\/v2\/pages\/78\/revisions\/18267"}],"up":[{"embeddable":true,"href":"https:\/\/www.geschiebekunde.de\/nl\/wp-json\/wp\/v2\/pages\/18"}],"wp:attachment":[{"href":"https:\/\/www.geschiebekunde.de\/nl\/wp-json\/wp\/v2\/media?parent=78"}],"curies":[{"name":"wp","href":"https:\/\/api.w.org\/{rel}","templated":true}]}}