{"id":7,"date":"2011-01-08T15:39:28","date_gmt":"2011-01-08T14:39:28","guid":{"rendered":"http:\/\/www.geschiebekunde.de\/?page_id=7"},"modified":"2026-03-12T22:50:39","modified_gmt":"2026-03-12T21:50:39","slug":"mitgliedschaft","status":"publish","type":"page","link":"https:\/\/www.geschiebekunde.de\/nl\/der-verein\/mitgliedschaft\/","title":{"rendered":"Membership"},"content":{"rendered":"<p><\/p>\r\n<p>Die Gesellschaft besteht aus ca. 400 Mitgliedern. Sie ist in mehreren Sektionen in Norddeutschland organisiert. Eine Mitgliedschaft in der <span class=\"hover:entity-accent entity-underline inline cursor-pointer align-baseline\"><span class=\"whitespace-normal\">Gesellschaft f\u00fcr Geschiebekunde e.V.<\/span><\/span> bietet die M\u00f6glichkeit, sich intensiv mit der faszinierenden Welt der eiszeitlichen Geschiebe und Findlinge zu besch\u00e4ftigen. Mitglieder erhalten Zugang zu Fachpublikationen, aktuellen Forschungsergebnissen und der quartalsweise erscheinenden Zeitschrift <strong>Geschiebekunde aktuell<\/strong>. Dar\u00fcber hinaus f\u00f6rdert die Gesellschaft den Austausch zwischen Sammlern, Hobbygeologen und Wissenschaftlern. Exkursionen, Tagungen und gemeinsame Aktivit\u00e4ten bieten Gelegenheit, Wissen zu vertiefen, Funde zu bestimmen und Gleichgesinnte kennenzulernen.<\/p>\r\n<p style=\"text-align: justify;\"><a class=\"fasc-button fasc-size-large fasc-type-glossy fasc-rounded-medium fasc-ico-before dashicons-admin-site\" style=\"background-color: #e8ba64; color: #ffffff;\" href=\"https:\/\/www.geschiebekunde.de\/test-mitgliedsantrag\/\">Mitgliedsantrag online<\/a>&nbsp; &nbsp; &nbsp; &nbsp; &nbsp; &nbsp; &nbsp; &nbsp; &nbsp;<a class=\"fasc-button fasc-size-large fasc-type-glossy fasc-rounded-medium fasc-ico-before dashicons-format-aside\" style=\"background-color: #a8a8a8; color: #ffffff;\" href=\"http:\/\/www.geschiebekunde.de\/vorlagen\/Antrag_GfG.pdf\">Mitgliedsantrag zum Download<\/a><\/p>\r\n<p><\/p>\r\n<p><\/p>\r\n<p><\/p>\r\n<p><\/p>\r\n<p>F\u00fcr die Mitgliedschaft ist ein j\u00e4hrlicher Mitgliedsbeitrag zu entrichten. Da die H\u00f6he des Mitgliedsbeitrags von verschiedenen Faktoren abh\u00e4ngt, gibt die folgende Tabelle Auskunft.<br>Sollten Sie noch Fragen haben, z\u00f6gern Sie nicht, uns unter&nbsp;<a href=\"&#109;&#x61;i&#108;&#x74;o&#58;&#x6d;i&#116;&#x67;l&#105;&#x65;&#100;&#x73;&#x63;&#104;&#x61;&#x66;&#116;&#x40;g&#101;&#x73;c&#104;&#x69;e&#98;&#x65;k&#117;&#x6e;&#100;&#x65;&#x2e;&#100;&#x65;\">&#x6d;&#x69;&#116;&#103;li&#x65;&#x64;&#x73;&#99;ha&#x66;&#x74;&#x40;&#103;&#101;s&#x63;&#x68;&#x69;&#101;&#98;e&#x6b;&#x75;&#x6e;&#100;&#101;&#46;d&#x65;<\/a>&nbsp;zu kontaktieren.<\/p>\r\n<p>Bitte senden Sie das ausgef\u00fcllte Formular an die untenstehende Adresse:<\/p>\r\n<p><\/p>\r\n<p><\/p>\r\n<hr class=\"wp-block-separator has-css-opacity\">\r\n<p><\/p>\r\n<p><\/p>\r\n<p>Gesellschaft f\u00fcr Geschiebekunde e.V.<br>c\/o Ulrike Mattern<br>Bahrenfelder Kirchweg 29<br>D \u2013 22761 Hamburg<br>Germany<\/p>\r\n<p><\/p>\r\n<p><\/p>\r\n<hr class=\"wp-block-separator has-css-opacity\">\r\n<p><\/p>\r\n<p><\/p>\n\n<table id=\"tablepress-11\" class=\"tablepress tablepress-id-11\">\n<thead>\n<tr class=\"row-1\">\n\t<th class=\"column-1\">Mitgliedsform<\/th><th class=\"column-2\">Erl\u00e4uterung<\/th><th class=\"column-3\">Jahresbeitrag<\/th>\n<\/tr>\n<\/thead>\n<tbody class=\"row-striping row-hover\">\n<tr class=\"row-2\">\n\t<td class=\"column-1\">Ordentliches Mitglied\t<\/td><td class=\"column-2\">Erwachsene<\/td><td class=\"column-3\">35,- \u20ac<\/td>\n<\/tr>\n<tr class=\"row-3\">\n\t<td class=\"column-1\">Ordentliches Mitglied (erm\u00e4\u00dfigt)\t<\/td><td class=\"column-2\">erm\u00e4\u00dfigt f\u00fcr Studenten, Sch\u00fcler, Arbeitslose, Sozialhilfe-Empf\u00e4nger, etc.\t<\/td><td class=\"column-3\">15,- \u20ac<\/td>\n<\/tr>\n<tr class=\"row-4\">\n\t<td class=\"column-1\">Ehepartner eines ordentlichen Mitgliedes\t<\/td><td class=\"column-2\"><\/td><td class=\"column-3\">10,- \u20ac<\/td>\n<\/tr>\n<tr class=\"row-5\">\n\t<td class=\"column-1\">Kooperatives Mitglied\t<\/td><td class=\"column-2\">Institute, Bibliotheken, Verb\u00e4nde, Firmen, Beh\u00f6rden\t<\/td><td class=\"column-3\">35,- \u20ac<\/td>\n<\/tr>\n<tr class=\"row-6\">\n\t<td class=\"column-1\">Kooperatives Mitglied\t<\/td><td class=\"column-2\">Tauschpartner, gegenseitige Mitgliedschaft in Vereinen, etc.\t<\/td><td class=\"column-3\">beitragsfrei<\/td>\n<\/tr>\n<tr class=\"row-7\">\n\t<td class=\"column-1\">Beitragsfreie Mitgliedschaft\t<\/td><td class=\"column-2\">Bewohner eines Landes mit nicht frei konvertierbarer W\u00e4hrung etc\t<\/td><td class=\"column-3\">auf Antrag<\/td>\n<\/tr>\n<\/tbody>\n<\/table>\n\n<p>\n<\/p>\r\n<p><\/p>\r\n<p>Bankverbindung: HypoVereinsbank Hamburg <br>BLZ: 200 300 00 Konto-Nr.: 26 03330<\/p>\r\n<p><\/p>\r\n<p><\/p>\r\n<p>IBAN DE69 2003 0000 0002 6033 30 <br>BIC:HYVEDEMM300<\/p>\r\n<p><\/p>","protected":false},"excerpt":{"rendered":"<p>Die Gesellschaft besteht aus ca. 400 Mitgliedern. Sie ist in mehreren Sektionen in Norddeutschland organisiert. Eine Mitgliedschaft in der Gesellschaft f\u00fcr Geschiebekunde e.V. bietet die M\u00f6glichkeit, sich intensiv mit der faszinierenden Welt der eiszeitlichen Geschiebe und Findlinge zu besch\u00e4ftigen. Mitglieder erhalten Zugang zu Fachpublikationen, aktuellen Forschungsergebnissen und der quartalsweise erscheinenden Zeitschrift Geschiebekunde aktuell. Dar\u00fcber hinaus&hellip;&nbsp;<a href=\"https:\/\/www.geschiebekunde.de\/nl\/der-verein\/mitgliedschaft\/\" rel=\"bookmark\">Read More &raquo;<span class=\"screen-reader-text\">Membership<\/span><\/a><\/p>\n","protected":false},"author":1,"featured_media":0,"parent":18,"menu_order":0,"comment_status":"closed","ping_status":"closed","template":"","meta":{"_acf_changed":false,"neve_meta_sidebar":"","neve_meta_container":"","neve_meta_enable_content_width":"off","neve_meta_content_width":70,"neve_meta_title_alignment":"","neve_meta_author_avatar":"","neve_post_elements_order":"","neve_meta_disable_header":"","neve_meta_disable_footer":"","neve_meta_disable_title":"","ngg_post_thumbnail":0,"_bos_mb_destination":[""],"footnotes":""},"class_list":["post-7","page","type-page","status-publish","hentry"],"translation":{"provider":"WPGlobus","version":"3.0.2","language":"nl","enabled_languages":["de","en","nl"],"languages":{"de":{"title":true,"content":true,"excerpt":false},"en":{"title":true,"content":true,"excerpt":false},"nl":{"title":false,"content":false,"excerpt":false}}},"acf":[],"publishpress_future_action":{"enabled":false,"date":"2026-04-20 07:19:12","action":"change-status","newStatus":"draft","terms":[],"taxonomy":"","extraData":[]},"publishpress_future_workflow_manual_trigger":{"enabledWorkflows":[]},"_links":{"self":[{"href":"https:\/\/www.geschiebekunde.de\/nl\/wp-json\/wp\/v2\/pages\/7","targetHints":{"allow":["GET"]}}],"collection":[{"href":"https:\/\/www.geschiebekunde.de\/nl\/wp-json\/wp\/v2\/pages"}],"about":[{"href":"https:\/\/www.geschiebekunde.de\/nl\/wp-json\/wp\/v2\/types\/page"}],"author":[{"embeddable":true,"href":"https:\/\/www.geschiebekunde.de\/nl\/wp-json\/wp\/v2\/users\/1"}],"replies":[{"embeddable":true,"href":"https:\/\/www.geschiebekunde.de\/nl\/wp-json\/wp\/v2\/comments?post=7"}],"version-history":[{"count":46,"href":"https:\/\/www.geschiebekunde.de\/nl\/wp-json\/wp\/v2\/pages\/7\/revisions"}],"predecessor-version":[{"id":18628,"href":"https:\/\/www.geschiebekunde.de\/nl\/wp-json\/wp\/v2\/pages\/7\/revisions\/18628"}],"up":[{"embeddable":true,"href":"https:\/\/www.geschiebekunde.de\/nl\/wp-json\/wp\/v2\/pages\/18"}],"wp:attachment":[{"href":"https:\/\/www.geschiebekunde.de\/nl\/wp-json\/wp\/v2\/media?parent=7"}],"curies":[{"name":"wp","href":"https:\/\/api.w.org\/{rel}","templated":true}]}}