{"id":61,"date":"2011-02-23T22:55:37","date_gmt":"2011-02-23T21:55:37","guid":{"rendered":"http:\/\/www.geschiebekunde.de\/?page_id=61"},"modified":"2024-01-03T23:11:09","modified_gmt":"2024-01-03T22:11:09","slug":"pubs","status":"publish","type":"page","link":"https:\/\/www.geschiebekunde.de\/nl\/pubs\/","title":{"rendered":"Publikationen"},"content":{"rendered":"<h3><a title=\"Geschiebekunde Aktuell [GA]\" href=\"http:\/\/www.geschiebekunde.de\/?page_id=115\">Geschiebekunde Aktuell [Ga]<\/a><\/h3>\n<p>&#8220;Geschiebekunde Aktuell&#8221; erscheint viertelj\u00e4hrlich, 4 Ausgaben zusammen ergeben in der Regel einen Band.<\/p>\n<h3><a title=\"GA Sonderhefte\" href=\"http:\/\/www.geschiebekunde.de\/?page_id=138\">Special Issue &#8220;Geschiebekunde aktuell&#8221;<\/a><\/h3>\n<p>Sonderausgaben von &#8220;Geschiebekunde Aktuell&#8221; erscheinen in unregelm\u00e4\u00dfigen Abst\u00e4nden, meist anl\u00e4sslich von Tagungen, Ausstellungen, Exkursionen, Jubil\u00e4en oder \u00e4hnlichem.<\/p>\n<h3><a title=\"Archiv f\u00fcr Geschiebekunde [AfG]\" href=\"http:\/\/www.geschiebekunde.de\/?page_id=117\">Archiv f\u00fcr Geschiebekunde [AfG]<\/a><\/h3>\n<p>Archiv f\u00fcr Geschiebekunde ist f\u00fcr die Arbeiten des 1936 gegr\u00fcndeten Deutschen Archivs f\u00fcr Geschiebeforschung am Institut f\u00fcr Geologische Wissenschaften der Ernst-Moritz-Arndt-Universit\u00e4t Greifswald und des 1988 gegr\u00fcndeten Archivs f\u00fcr Geschiebeforschung am Geologisch-Pal\u00e4ontologischen Institut und Museum der Universit\u00e4t Hamburg sowie f\u00fcr die mit deren Aufgaben verbundenen Publikationen bestimmt.<\/p>\n<p>Sie wird von der erstgenannten Institution herausgegeben und erscheint seit 1990. Mehrere in lockerer Folge erscheinende Hefte werden in einem Band zusammengefasst.<\/p>\n<p>Das Archiv f\u00fcr Geschiebekunde ist f\u00fcr die Arbeiten des 1936 gegr\u00fcndeten Deutschen Archivs f\u00fcr Geschiebeforschung am Institut f\u00fcr Geologische Wissenschaften der Ernst-Moritz-Arndt-Universit\u00e4t Greifswald und des 1988 gegr\u00fcndeten Archivs f\u00fcr Geschiebeforschung am Geologisch-Pal\u00e4ontologischen Institut und Museum der Universit\u00e4t Hamburg sowie f\u00fcr Publikationen, die mit deren Aufgaben zusammenh\u00e4ngen, bestimmt.<\/p>\n<p>Sie wird von der erstgenannten Institution herausgegeben und erscheint seit 1990. Mehrere in lockerer Folge erscheinende Hefte werden in einem Band zusammengefasst.<\/p>\n<hr noshade=\"noshade\">\n<p>Um ein einheitliches Layout aller eingereichten Beitr\u00e4ge zu gew\u00e4hrleisten und den Arbeitsaufwand f\u00fcr die Redakteure zu reduzieren, stehen die <a href=\"https:\/\/www.geschiebekunde.de\/vorlagen\/AfG_Autorenhinweise_2022.pdf\" target=\"_blank\" rel=\"noopener\">Richtlinien f\u00fcr Autoren [Ga &amp; AfG] <\/a>im PDF-Format zur Verf\u00fcgung.<\/p>\n<hr noshade=\"noshade\">\n<h3><a title=\"Kaerlein International\" href=\"http:\/\/kristallin.de\/Kaerlein\/Kaerlein.html\" target=\"_blank\" rel=\"noopener noreferrer\">Kaerlein International<\/a><\/h3>\n<p>Bibliographien der Geschiebeliteratur, der Vergletscherungen weltweit und der Geschiebeforscher (weiterentwickelte Kaerlein-Bibliographie).<\/p>\n<p>[<a href=\"http:\/\/kristallin.de\" target=\"_blank\" rel=\"noopener\">kristallin.de<\/a> hostet freundlicherweise die aktuelle Version der Kaerlein International Bibliography]<\/p>\n<h3><a title=\"Forscher Bibliographie\" href=\"http:\/\/www.geschiebekunde.de\/?page_id=121\">Researcher Bibliography<\/a><\/h3>\n<p>Laudationes, Biographien, Nachrufe und Portr\u00e4ts von Geschiebeforschern &#8211; eine Zusammenstellung der Literatur.<br \/>\nDie digitale Bibliographie erfasst Arbeiten zu den Jubil\u00e4en und dem Leben (den Lebensl\u00e4ufen) von Forschern im Bereich der Geschiebeforschung.<\/p>\n<h3><a title=\"Forscher Bibliographie\" href=\"http:\/\/www.geschiebekunde.de\/?page_id=1092\">Tagungsprogramme<\/a><\/h3>\n<p>Liste der Tagungsprogramme der vergangenen Jahrestagungen der Gesellschaft f\u00fcr Geschiebekunde e.V.<\/p>\n","protected":false},"excerpt":{"rendered":"<p>Geschiebekunde Aktuell [Ga] &#8220;Geschiebekunde Aktuell&#8221; erscheint viertelj\u00e4hrlich, 4 Ausgaben zusammen ergeben in der Regel einen Band. Special Issue &#8220;Geschiebekunde aktuell&#8221; Sonderausgaben von &#8220;Geschiebekunde Aktuell&#8221; erscheinen in unregelm\u00e4\u00dfigen Abst\u00e4nden, meist anl\u00e4sslich von Tagungen, Ausstellungen, Exkursionen, Jubil\u00e4en oder \u00e4hnlichem. Archiv f\u00fcr Geschiebekunde [AfG] Archiv f\u00fcr Geschiebekunde ist f\u00fcr die Arbeiten des 1936 gegr\u00fcndeten Deutschen Archivs f\u00fcr Geschiebeforschung&hellip;&nbsp;<a href=\"https:\/\/www.geschiebekunde.de\/nl\/pubs\/\" rel=\"bookmark\">Read More &raquo;<span class=\"screen-reader-text\">Publikationen<\/span><\/a><\/p>\n","protected":false},"author":1,"featured_media":0,"parent":0,"menu_order":4,"comment_status":"closed","ping_status":"closed","template":"","meta":{"_acf_changed":false,"neve_meta_sidebar":"","neve_meta_container":"","neve_meta_enable_content_width":"off","neve_meta_content_width":70,"neve_meta_title_alignment":"","neve_meta_author_avatar":"","neve_post_elements_order":"","neve_meta_disable_header":"","neve_meta_disable_footer":"","neve_meta_disable_title":"","ngg_post_thumbnail":0,"_bos_mb_destination":[""],"footnotes":""},"class_list":["post-61","page","type-page","status-publish","hentry"],"translation":{"provider":"WPGlobus","version":"3.0.2","language":"nl","enabled_languages":["de","en","nl"],"languages":{"de":{"title":true,"content":true,"excerpt":false},"en":{"title":true,"content":true,"excerpt":false},"nl":{"title":false,"content":false,"excerpt":false}}},"acf":[],"publishpress_future_action":{"enabled":false,"date":"2026-04-20 07:21:29","action":"change-status","newStatus":"draft","terms":[],"taxonomy":"","extraData":[]},"publishpress_future_workflow_manual_trigger":{"enabledWorkflows":[]},"_links":{"self":[{"href":"https:\/\/www.geschiebekunde.de\/nl\/wp-json\/wp\/v2\/pages\/61","targetHints":{"allow":["GET"]}}],"collection":[{"href":"https:\/\/www.geschiebekunde.de\/nl\/wp-json\/wp\/v2\/pages"}],"about":[{"href":"https:\/\/www.geschiebekunde.de\/nl\/wp-json\/wp\/v2\/types\/page"}],"author":[{"embeddable":true,"href":"https:\/\/www.geschiebekunde.de\/nl\/wp-json\/wp\/v2\/users\/1"}],"replies":[{"embeddable":true,"href":"https:\/\/www.geschiebekunde.de\/nl\/wp-json\/wp\/v2\/comments?post=61"}],"version-history":[{"count":63,"href":"https:\/\/www.geschiebekunde.de\/nl\/wp-json\/wp\/v2\/pages\/61\/revisions"}],"predecessor-version":[{"id":17508,"href":"https:\/\/www.geschiebekunde.de\/nl\/wp-json\/wp\/v2\/pages\/61\/revisions\/17508"}],"wp:attachment":[{"href":"https:\/\/www.geschiebekunde.de\/nl\/wp-json\/wp\/v2\/media?parent=61"}],"curies":[{"name":"wp","href":"https:\/\/api.w.org\/{rel}","templated":true}]}}