{"id":4,"date":"2011-01-08T15:47:54","date_gmt":"2011-01-08T15:47:54","guid":{"rendered":"http:\/\/www.geschiebekunde.de\/?page_id=4"},"modified":"2023-02-04T23:19:27","modified_gmt":"2023-02-04T22:19:27","slug":"kontakt","status":"publish","type":"page","link":"https:\/\/www.geschiebekunde.de\/nl\/kontakt\/","title":{"rendered":"Kontakt"},"content":{"rendered":"\n<table id=\"tablepress-29\" class=\"tablepress tablepress-id-29\">\n<thead>\n<tr class=\"row-1\">\n\t<td class=\"column-1\"><\/td>\n<\/tr>\n<\/thead>\n<tbody class=\"row-hover\">\n<tr class=\"row-2\">\n\t<td class=\"column-1\"><strong>Gesellschaft f\u00fcr Geschiebekunde e.V.<\/strong><br \/>\nc\/o Ulrike Mattern<br \/>\nBahrenfelder Kirchenweg 29<br \/>\n22761 Hamburg<br \/>\n<br \/>\neMail: &#107;o&#x6e;t&#x61;k&#x74;&#64;&#x67;&#101;&#x73;&#99;&#x68;&#105;&#x65;&#98;e&#107;u&#x6e;d&#x65;&#46;&#x64;&#101;<br \/>\n<\/td>\n<\/tr>\n<tr class=\"row-3\">\n\t<td class=\"column-1\"><strong>Bankverbindung:<\/strong><br \/>\n<br \/>\nBank: HypoVereinsbank Hamburg<br \/>\nBLZ: 200 300 00<br \/>\nKto.-Nr.: 26 033 30<br \/>\nIBAN: DE69 2003 0000 0002 6033 30<br \/>\nBIC: HYVEDEMM300 (Hamburg)<\/td>\n<\/tr>\n<tr class=\"row-4\">\n\t<td class=\"column-1\"><strong>Archiv f\u00fcr Geschiebekunde am Geologisch-Pal\u00e4ontologischen Institut und Museum der Universit\u00e4t Hamburg<\/strong><br \/>\n<br \/>\nBundesstra\u00dfe 55<br \/>\nD-20146 Hamburg <\/td>\n<\/tr>\n<tr class=\"row-5\">\n\t<td class=\"column-1\"><strong>Deutsches Archiv f\u00fcr Geschiebeforschung am Institut f\u00fcr Geographie und Geologie der Ernst-Moritz-Arndt-Universit\u00e4t Greifswald<\/strong><br \/>\n<br \/>\nDr. Stefan Meng <br \/>\nFriedrich-Ludwig-Jahn-Str. 17a<br \/>\nD-17487 Greifswald<br \/>\neMail: &#x73;&#x74;&#101;f&#x61;&#x6e;&#46;me&#x6e;&#x67;&#64;u&#x6e;&#x69;&#45;&#103;r&#x65;&#x69;&#102;s&#x77;&#x61;&#108;&#100;&#46;&#x64;&#x65;<\/td>\n<\/tr>\n<tr class=\"row-6\">\n\t<td class=\"column-1\"><strong>Internetauftritt<\/strong><br \/>\nSollte etwas auf dieser Homepage nicht stimmen oder nicht funktionieren, schreiben Sie mir, dann werde ich mich darum k\u00fcmmern.<br \/>\nAndr\u00e9 Deutschmann M.Sc.<br \/>\nFriedrich-Ludwig-Jahn-Str. 17a<br \/>\nD-17487 Greifswald<br \/>\neMail: in&#102;&#111;&#64;&#103;&#x65;&#x73;&#x63;&#x68;&#x69;eb&#101;&#107;&#117;&#110;&#x64;&#x65;&#x2e;&#x64;&#x65;<\/td>\n<\/tr>\n<\/tbody>\n<\/table>\n<!-- #tablepress-29 from cache -->\n<p><strong>Kontaktformular<\/strong><\/p>\n\n<div class=\"wpcf7 no-js\" id=\"wpcf7-f16554-o1\" lang=\"de-DE\" dir=\"ltr\" data-wpcf7-id=\"16554\">\n<div class=\"screen-reader-response\"><p role=\"status\" aria-live=\"polite\" aria-atomic=\"true\"><\/p> <ul><\/ul><\/div>\n<form action=\"\/nl\/wp-json\/wp\/v2\/pages\/4#wpcf7-f16554-o1\" method=\"post\" class=\"wpcf7-form init\" aria-label=\"Contact form\" novalidate=\"novalidate\" data-status=\"init\">\n<fieldset class=\"hidden-fields-container\"><input type=\"hidden\" name=\"_wpcf7\" value=\"16554\" \/><input type=\"hidden\" name=\"_wpcf7_version\" value=\"6.1.5\" \/><input type=\"hidden\" name=\"_wpcf7_locale\" value=\"de_DE\" \/><input type=\"hidden\" name=\"_wpcf7_unit_tag\" value=\"wpcf7-f16554-o1\" \/><input type=\"hidden\" name=\"_wpcf7_container_post\" value=\"0\" \/><input type=\"hidden\" name=\"_wpcf7_posted_data_hash\" value=\"\" \/>\n<\/fieldset>\n<p><label> Ihr Name<br \/>\n<span class=\"wpcf7-form-control-wrap\" data-name=\"your-name\"><input size=\"40\" maxlength=\"400\" class=\"wpcf7-form-control wpcf7-text wpcf7-validates-as-required\" autocomplete=\"name\" aria-required=\"true\" aria-invalid=\"false\" value=\"\" type=\"text\" name=\"your-name\" \/><\/span> <\/label><br \/>\n<label> Ihre E-Mail-Adresse<br \/>\n<span class=\"wpcf7-form-control-wrap\" data-name=\"your-email\"><input size=\"40\" maxlength=\"400\" class=\"wpcf7-form-control wpcf7-email wpcf7-validates-as-required wpcf7-text wpcf7-validates-as-email\" autocomplete=\"email\" aria-required=\"true\" aria-invalid=\"false\" value=\"\" type=\"email\" name=\"your-email\" \/><\/span> <\/label><br \/>\n<label> Thema<br \/>\n<span class=\"wpcf7-form-control-wrap\" data-name=\"menu-155\"><select class=\"wpcf7-form-control wpcf7-select\" aria-invalid=\"false\" name=\"menu-155\"><option value=\"Allgemein\">Allgemein<\/option><option value=\"Forum\">Forum<\/option><option value=\"Mitgliederservice\">Mitgliederservice<\/option><option value=\"Zeitschrift Ga\">Zeitschrift Ga<\/option><option value=\"Archiv f\u00fcr Geschiebeforschung\">Archiv f\u00fcr Geschiebeforschung<\/option><option value=\"Sonderheft Ga\">Sonderheft Ga<\/option><option value=\"Internetseite\">Internetseite<\/option><option value=\"Sektionen\">Sektionen<\/option><\/select><\/span> <\/label><br \/>\n<label> Betreff<br \/>\n<span class=\"wpcf7-form-control-wrap\" data-name=\"your-subject\"><input size=\"40\" maxlength=\"400\" class=\"wpcf7-form-control wpcf7-text wpcf7-validates-as-required\" aria-required=\"true\" aria-invalid=\"false\" value=\"\" type=\"text\" name=\"your-subject\" \/><\/span> <\/label><br \/>\n<label> Ihre Nachricht, Anregung oder Frage<br \/>\n<span class=\"wpcf7-form-control-wrap\" data-name=\"your-message\"><textarea cols=\"40\" rows=\"10\" maxlength=\"2000\" class=\"wpcf7-form-control wpcf7-textarea\" aria-invalid=\"false\" name=\"your-message\"><\/textarea><\/span> <\/label><br \/>\n<label> Bitte l\u00f6sen!<br \/>\n<span class=\"wpcf7-form-control-wrap\" data-name=\"quiz-967\"><label><span class=\"wpcf7-quiz-label\">Welche Farbe hat unsere Sonne?<\/span> <input size=\"40\" class=\"wpcf7-form-control wpcf7-quiz\" autocomplete=\"off\" aria-required=\"true\" aria-invalid=\"false\" type=\"text\" name=\"quiz-967\" \/><\/label><input type=\"hidden\" name=\"_wpcf7_quiz_answer_quiz-967\" value=\"400a3dc257db1dd4c8e15bdf5d403e54\" \/><\/span> <\/label>\n<\/p>\n<p><input class=\"wpcf7-form-control wpcf7-submit has-spinner\" type=\"submit\" value=\"Senden\" \/>\n<\/p><div class=\"wpcf7-response-output\" aria-hidden=\"true\"><\/div>\n<\/form>\n<\/div>\n\n","protected":false},"excerpt":{"rendered":"<p>Kontaktformular<\/p>\n","protected":false},"author":1,"featured_media":0,"parent":0,"menu_order":7,"comment_status":"closed","ping_status":"closed","template":"","meta":{"_acf_changed":false,"neve_meta_sidebar":"","neve_meta_container":"","neve_meta_enable_content_width":"off","neve_meta_content_width":70,"neve_meta_title_alignment":"","neve_meta_author_avatar":"","neve_post_elements_order":"","neve_meta_disable_header":"","neve_meta_disable_footer":"","neve_meta_disable_title":"","ngg_post_thumbnail":0,"_bos_mb_destination":[""],"footnotes":""},"class_list":["post-4","page","type-page","status-publish","hentry"],"translation":{"provider":"WPGlobus","version":"3.0.2","language":"nl","enabled_languages":["de","en","nl"],"languages":{"de":{"title":true,"content":true,"excerpt":false},"en":{"title":false,"content":false,"excerpt":false},"nl":{"title":false,"content":false,"excerpt":false}}},"acf":[],"publishpress_future_action":{"enabled":false,"date":"2026-04-20 07:19:23","action":"change-status","newStatus":"draft","terms":[],"taxonomy":"","extraData":[]},"publishpress_future_workflow_manual_trigger":{"enabledWorkflows":[]},"_links":{"self":[{"href":"https:\/\/www.geschiebekunde.de\/nl\/wp-json\/wp\/v2\/pages\/4","targetHints":{"allow":["GET"]}}],"collection":[{"href":"https:\/\/www.geschiebekunde.de\/nl\/wp-json\/wp\/v2\/pages"}],"about":[{"href":"https:\/\/www.geschiebekunde.de\/nl\/wp-json\/wp\/v2\/types\/page"}],"author":[{"embeddable":true,"href":"https:\/\/www.geschiebekunde.de\/nl\/wp-json\/wp\/v2\/users\/1"}],"replies":[{"embeddable":true,"href":"https:\/\/www.geschiebekunde.de\/nl\/wp-json\/wp\/v2\/comments?post=4"}],"version-history":[{"count":31,"href":"https:\/\/www.geschiebekunde.de\/nl\/wp-json\/wp\/v2\/pages\/4\/revisions"}],"predecessor-version":[{"id":18335,"href":"https:\/\/www.geschiebekunde.de\/nl\/wp-json\/wp\/v2\/pages\/4\/revisions\/18335"}],"wp:attachment":[{"href":"https:\/\/www.geschiebekunde.de\/nl\/wp-json\/wp\/v2\/media?parent=4"}],"curies":[{"name":"wp","href":"https:\/\/api.w.org\/{rel}","templated":true}]}}