{"id":23,"date":"2011-02-23T21:52:13","date_gmt":"2011-02-23T20:52:13","guid":{"rendered":"http:\/\/www.geschiebekunde.de\/?page_id=23"},"modified":"2025-01-15T19:16:31","modified_gmt":"2025-01-15T18:16:31","slug":"impressum","status":"publish","type":"page","link":"https:\/\/www.geschiebekunde.de\/nl\/impressum\/","title":{"rendered":"Impressum"},"content":{"rendered":"\r\n<h2>Angaben gem\u00e4\u00df \u00a7 5 DDG:<\/h2>\r\nGesellschaft f\u00fcr&nbsp;Geschiebekunde e.V.\r\nc\/o Ulrike Mattern\r\nBahrenfelder Kirchenweg 29\r\n22761 Hamburg\r\n<h2>Vertreten durch:<\/h2>\r\n\n<table id=\"tablepress-7\" class=\"tablepress tablepress-id-7\">\n<tbody class=\"row-striping row-hover\">\n<tr class=\"row-1\">\n\t<td class=\"column-1\">Vorsitzende<\/td><td class=\"column-2\">Ulrike Mattern<\/td>\n<\/tr>\n<tr class=\"row-2\">\n\t<td class=\"column-1\">1.Sekret\u00e4r<\/td><td class=\"column-2\">Marc Torbohm<\/td>\n<\/tr>\n<tr class=\"row-3\">\n\t<td class=\"column-1\">Schriftf\u00fchrer u. 2. Sekret\u00e4r<\/td><td class=\"column-2\">Dr. Johannes Kalbe <\/td>\n<\/tr>\n<tr class=\"row-4\">\n\t<td class=\"column-1\">\u00d6ffentlichkeitsbeauftragter<\/td><td class=\"column-2\">Andr\u00e9 Deutschmann<\/td>\n<\/tr>\n<tr class=\"row-5\">\n\t<td class=\"column-1\">Kassenwart<\/td><td class=\"column-2\">Peter Sierau<\/td>\n<\/tr>\n<tr class=\"row-6\">\n\t<td class=\"column-1\">Mitgliederverwaltung<\/td><td class=\"column-2\">Hagen Sahm<\/td>\n<\/tr>\n<tr class=\"row-7\">\n\t<td class=\"column-1\">Sammlungsverantwortlicher<\/td><td class=\"column-2\">Dirk Pittermann<\/td>\n<\/tr>\n<\/tbody>\n<\/table>\n<!-- #tablepress-7 from cache -->\r\n\r\n<a href=\"https:\/\/www.geschiebekunde.de\/kontakt\/\">Kontaktformular<\/a>\r\n<h2>Kontakt:<\/h2>\r\nTelefon: 030 \/ 288 67 178\r\nE-Mail: &#107;&#x6f;&#x6e;t&#97;&#x6b;t&#64;&#x67;e&#115;&#x63;h&#105;&#x65;&#x62;&#101;&#x6b;&#x75;n&#100;&#x65;&#46;&#100;&#x65;\r\n<h2 style=\"text-align: justify;\">Streitschlichtung<\/h2>\r\n<p style=\"text-align: justify;\">Wir sind nicht bereit oder verpflichtet, an&nbsp;Streitbeilegungsverfahren vor einer Verbraucherschlichtungsstelle teilzunehmen.<\/p>\r\n\r\n<h2 style=\"text-align: justify;\">Haftung&nbsp;f\u00fcr Inhalte<\/h2>\r\n<p style=\"text-align: justify;\">Als Diensteanbieter sind wir gem\u00e4\u00df \u00a7 7 Abs.1 TMG f\u00fcr&nbsp;eigene Inhalte auf diesen Seiten nach den allgemeinen Gesetzen verantwortlich. Nach \u00a7\u00a7 8 bis&nbsp;10 TMG sind wir als Diensteanbieter jedoch nicht verpflichtet, \u00fcbermittelte oder gespeicherte fremde&nbsp;Informationen zu \u00fcberwachen oder nach Umst\u00e4nden zu forschen, die auf eine rechtswidrige&nbsp;T\u00e4tigkeit hinweisen.<\/p>\r\n<p style=\"text-align: justify;\">Verpflichtungen zur Entfernung oder Sperrung der Nutzung von&nbsp;Informationen nach den allgemeinen Gesetzen bleiben hiervon unber\u00fchrt. Eine diesbez\u00fcgliche&nbsp;Haftung ist jedoch erst ab dem Zeitpunkt der Kenntnis einer konkreten Rechtsverletzung m\u00f6glich.&nbsp;Bei Bekanntwerden von entsprechenden Rechtsverletzungen werden wir diese Inhalte umgehend&nbsp;entfernen.<\/p>\r\n\r\n<h2 style=\"text-align: justify;\">Haftung f\u00fcr Links<\/h2>\r\n<p style=\"text-align: justify;\">Unser Angebot enth\u00e4lt Links zu externen&nbsp;Websites Dritter, auf deren Inhalte wir keinen Einfluss haben. Deshalb k\u00f6nnen wir f\u00fcr diese&nbsp;fremden Inhalte auch keine Gew\u00e4hr \u00fcbernehmen. F\u00fcr die Inhalte der verlinkten Seiten ist&nbsp;stets der jeweilige Anbieter oder Betreiber der Seiten verantwortlich. Die verlinkten Seiten wurden zum&nbsp;Zeitpunkt der Verlinkung auf m\u00f6gliche Rechtsverst\u00f6\u00dfe \u00fcberpr\u00fcft.&nbsp;Rechtswidrige Inhalte waren zum Zeitpunkt der Verlinkung nicht erkennbar.&nbsp;Eine permanente&nbsp;inhaltliche Kontrolle der verlinkten Seiten ist jedoch ohne konkrete Anhaltspunkte einer Rechtsverletzung&nbsp;nicht zumutbar. Bei Bekanntwerden von Rechtsverletzungen werden wir derartige Links umgehend&nbsp;entfernen.<\/p>\r\n\r\n<h2 style=\"text-align: justify;\">Urheberrecht<\/h2>\r\n<p style=\"text-align: justify;\">Die durch die Seitenbetreiber erstellten Inhalte und Werke auf&nbsp;diesen Seiten unterliegen dem deutschen Urheberrecht. Die Vervielf\u00e4ltigung, Bearbeitung,&nbsp;Verbreitung und jede Art der Verwertung au\u00dferhalb der Grenzen des Urheberrechtes bed\u00fcrfen&nbsp;der schriftlichen Zustimmung des jeweiligen Autors bzw. Erstellers. Downloads und Kopien dieser Seite&nbsp;sind nur f\u00fcr den privaten, nicht kommerziellen Gebrauch gestattet.&nbsp;Soweit die Inhalte auf&nbsp;dieser Seite nicht vom Betreiber erstellt wurden, werden die Urheberrechte Dritter beachtet. Insbesondere\r\nwerden Inhalte Dritter als solche gekennzeichnet. Sollten Sie trotzdem auf eine Urheberrechtsverletzung&nbsp;aufmerksam werden, bitten wir um einen entsprechenden Hinweis. Bei Bekanntwerden von&nbsp;Rechtsverletzungen werden wir derartige Inhalte umgehend entfernen.<\/p>\r\n<p style=\"text-align: justify;\">Quelle: <a href=\"https:\/\/www.e-recht24.de\">e-recht24.de<\/a><\/p>\r\n\r\n\r\n<hr>\r\n<p style=\"text-align: justify;\" data-tadv-p=\"keep\">Diese Website benutzt <a href=\"http:\/\/wordpress.org\/extend\/plugins\/stats\/\">WordPress.com-Stats<\/a>, ein Tool zur statistischen Auswertung der Besucherzugriffe, betrieben von <a href=\"http:\/\/automattic.com\">Automattic<\/a> Inc., 60 29th Street #343, San Francisco, CA 94110-4929, USA,&nbsp;unter Einsatz der Trackingtechnologie von <a href=\"http:\/\/www.quantcast.com\">Quantcast<\/a> Inc.,&nbsp;201 3rd St, Floor 2, San Francisco, CA 94103-3153, USA. WordPress.com-Stats&nbsp;&nbsp;verwendet sog. \u201eCookies\u201c, Textdateien, die auf Ihrem Computer gespeichert werden und die eine Analyse der Benutzung der Website durch Sie erm\u00f6glichen. Die durch den Cookie erzeugten Informationen \u00fcber Ihre Benutzung dieses Internetangebotes werden auf einem Server in den USA gespeichert.&nbsp;Die IP-Adresse wird sofort nach der Verarbeitung und vor deren Speicherung anonymisiert.&nbsp;Sie k\u00f6nnen die Installation der Cookies durch eine entsprechende Einstellung Ihrer Browser-Software verhindern; wir weisen Sie jedoch darauf hin, dass Sie in diesem Fall gegebenenfalls nicht s\u00e4mtliche Funktionen dieser Website vollumf\u00e4nglich nutzen k\u00f6nnen. Sie k\u00f6nnen der Erhebung und Nutzung der Daten durch Quantcast mit Wirkung f\u00fcr die Zukunft widersprechen, indem Sie an dieser Stelle durch einen Klick auf den Link \u201eClick here to opt-out\u201c&nbsp;ein Opt-Out-Cookie in Ihrem Browser setzen: <a href=\"http:\/\/www.quantcast.com\/opt-out\">http:\/\/www.quantcast.com\/opt-out<\/a>.&nbsp;Sollten Sie alle Cookies auf Ihrem Rechner l\u00f6schen, m\u00fcssen Sie das Opt-Out-Cookie erneut setzen.<\/p>\r\n<!-- \/wp:post-content -->","protected":false},"excerpt":{"rendered":"<p>Angaben gem\u00e4\u00df \u00a7 5 DDG: Gesellschaft f\u00fcr&nbsp;Geschiebekunde e.V. c\/o Ulrike Mattern Bahrenfelder Kirchenweg 29 22761 Hamburg Vertreten durch: Kontaktformular Kontakt: Telefon: 030 \/ 288 67 178 E-Mail: &#x6b;&#111;n&#x74;&#97;k&#x74;&#64;g&#x65;&#115;c&#x68;&#105;e&#x62;&#101;k&#x75;&#110;d&#x65;&#46;d&#x65; Streitschlichtung Wir sind nicht bereit oder verpflichtet, an&nbsp;Streitbeilegungsverfahren vor einer Verbraucherschlichtungsstelle teilzunehmen. Haftung&nbsp;f\u00fcr Inhalte Als Diensteanbieter sind wir gem\u00e4\u00df \u00a7 7 Abs.1 TMG f\u00fcr&nbsp;eigene Inhalte auf diesen&hellip;&nbsp;<a href=\"https:\/\/www.geschiebekunde.de\/nl\/impressum\/\" rel=\"bookmark\">Read More &raquo;<span class=\"screen-reader-text\">Impressum<\/span><\/a><\/p>\n","protected":false},"author":1,"featured_media":0,"parent":0,"menu_order":9,"comment_status":"closed","ping_status":"closed","template":"","meta":{"_acf_changed":false,"neve_meta_sidebar":"","neve_meta_container":"","neve_meta_enable_content_width":"off","neve_meta_content_width":70,"neve_meta_title_alignment":"","neve_meta_author_avatar":"","neve_post_elements_order":"","neve_meta_disable_header":"","neve_meta_disable_footer":"","neve_meta_disable_title":"","ngg_post_thumbnail":0,"_bos_mb_destination":[""],"footnotes":""},"class_list":["post-23","page","type-page","status-publish","hentry"],"translation":{"provider":"WPGlobus","version":"3.0.2","language":"nl","enabled_languages":["de","en","nl"],"languages":{"de":{"title":true,"content":true,"excerpt":false},"en":{"title":false,"content":false,"excerpt":false},"nl":{"title":false,"content":false,"excerpt":false}}},"acf":[],"publishpress_future_action":{"enabled":false,"date":"2026-04-20 09:48:10","action":"change-status","newStatus":"draft","terms":[],"taxonomy":"","extraData":[]},"publishpress_future_workflow_manual_trigger":{"enabledWorkflows":[]},"_links":{"self":[{"href":"https:\/\/www.geschiebekunde.de\/nl\/wp-json\/wp\/v2\/pages\/23","targetHints":{"allow":["GET"]}}],"collection":[{"href":"https:\/\/www.geschiebekunde.de\/nl\/wp-json\/wp\/v2\/pages"}],"about":[{"href":"https:\/\/www.geschiebekunde.de\/nl\/wp-json\/wp\/v2\/types\/page"}],"author":[{"embeddable":true,"href":"https:\/\/www.geschiebekunde.de\/nl\/wp-json\/wp\/v2\/users\/1"}],"replies":[{"embeddable":true,"href":"https:\/\/www.geschiebekunde.de\/nl\/wp-json\/wp\/v2\/comments?post=23"}],"version-history":[{"count":32,"href":"https:\/\/www.geschiebekunde.de\/nl\/wp-json\/wp\/v2\/pages\/23\/revisions"}],"predecessor-version":[{"id":18114,"href":"https:\/\/www.geschiebekunde.de\/nl\/wp-json\/wp\/v2\/pages\/23\/revisions\/18114"}],"wp:attachment":[{"href":"https:\/\/www.geschiebekunde.de\/nl\/wp-json\/wp\/v2\/media?parent=23"}],"curies":[{"name":"wp","href":"https:\/\/api.w.org\/{rel}","templated":true}]}}