{"id":17197,"date":"2023-12-22T23:19:15","date_gmt":"2023-12-22T22:19:15","guid":{"rendered":"https:\/\/www.geschiebekunde.de\/?page_id=17197"},"modified":"2024-04-08T21:13:47","modified_gmt":"2024-04-08T20:13:47","slug":"sektionen","status":"publish","type":"page","link":"https:\/\/www.geschiebekunde.de\/nl\/der-verein\/sektionen\/","title":{"rendered":"Sektionen"},"content":{"rendered":"<h4>Die einzelnen Sektionen sowie befreundete Vereine der Gesellschaft f\u00fcr Geschiebekunde e.V.<\/h4>\n<p>(M\u00f6chten Sie mit Ihrem Verein auch hier genannt werden? <a href=\"https:\/\/www.geschiebekunde.de\/kontakt\/\">Dann schreiben Sie uns gerne an.<\/a>)<\/p>\n<p>[mappress mapid=&#8221;1&#8243;]<\/p>\n<p style=\"text-align: center;\">Die Gesellschaft f\u00fcr Geschiebekunde ist mit ihren Sektionen im gesamten Norden Deutschlands sowie in D\u00e4nemark vertreten.<br \/>\nVor Ort organisieren die einzelnen Sektionen regelm\u00e4\u00dfige Treffen, Veranstaltungen, Vortr\u00e4ge und Exkursionen.<\/p>\n<div style=\"width: 648px; text-align: center; margin-right: auto; margin-left: auto;\">&nbsp;<\/div>\n<div><ul class=\"lcp_catlist\" id=\"lcp_instance_0\"><li><a href=\"https:\/\/www.geschiebekunde.de\/nl\/jahresprogramm-2026-sektion-vorpommern\/\">Jahresprogramm 2026 &#8211; Sektion Vorpommern<\/a><\/li><li><a href=\"https:\/\/www.geschiebekunde.de\/nl\/jahresprogramm-01-2026-fg-palaeontologie-im-naturkundemuseum-berlin\/\">Jahresprogramm 01\/2026 \u2013 FG Pal\u00e4ontologie im Naturkundemuseum Berlin<\/a><\/li><li><a href=\"https:\/\/www.geschiebekunde.de\/nl\/jahresprogramm-2026-interessengemeinschaft-palaeontologie-und-geologie-norderstedt\/\">Jahresprogramm 2026 \u2013 Interessengemeinschaft Pal\u00e4ontologie und Geologie Norderstedt<\/a><\/li><li><a href=\"https:\/\/www.geschiebekunde.de\/nl\/jahresprogramm-2026-sektion-westmecklenburg\/\">Jahresprogramm 2026 \u2013 Sektion Westmecklenburg<\/a><\/li><\/ul><\/div>\n","protected":false},"excerpt":{"rendered":"<p>Die einzelnen Sektionen sowie befreundete Vereine der Gesellschaft f\u00fcr Geschiebekunde e.V. (M\u00f6chten Sie mit Ihrem Verein auch hier genannt werden? Dann schreiben Sie uns gerne an.) [mappress mapid=&#8221;1&#8243;] Die Gesellschaft f\u00fcr Geschiebekunde ist mit ihren Sektionen im gesamten Norden Deutschlands sowie in D\u00e4nemark vertreten. Vor Ort organisieren die einzelnen Sektionen regelm\u00e4\u00dfige Treffen, Veranstaltungen, Vortr\u00e4ge und&hellip;&nbsp;<a href=\"https:\/\/www.geschiebekunde.de\/nl\/der-verein\/sektionen\/\" rel=\"bookmark\">Read More &raquo;<span class=\"screen-reader-text\">Sektionen<\/span><\/a><\/p>\n","protected":false},"author":1,"featured_media":0,"parent":18,"menu_order":0,"comment_status":"closed","ping_status":"closed","template":"","meta":{"_acf_changed":false,"neve_meta_sidebar":"","neve_meta_container":"","neve_meta_enable_content_width":"off","neve_meta_content_width":100,"neve_meta_title_alignment":"","neve_meta_author_avatar":"","neve_post_elements_order":"","neve_meta_disable_header":"","neve_meta_disable_footer":"","neve_meta_disable_title":"","ngg_post_thumbnail":0,"_bos_mb_destination":[""],"footnotes":""},"class_list":["post-17197","page","type-page","status-publish","hentry"],"translation":{"provider":"WPGlobus","version":"3.0.2","language":"nl","enabled_languages":["de","en","nl"],"languages":{"de":{"title":true,"content":true,"excerpt":false},"en":{"title":false,"content":false,"excerpt":false},"nl":{"title":false,"content":false,"excerpt":false}}},"acf":[],"publishpress_future_action":{"enabled":false,"date":"2026-04-20 05:39:58","action":"change-status","newStatus":"draft","terms":[],"taxonomy":"","extraData":[]},"publishpress_future_workflow_manual_trigger":{"enabledWorkflows":[]},"_links":{"self":[{"href":"https:\/\/www.geschiebekunde.de\/nl\/wp-json\/wp\/v2\/pages\/17197","targetHints":{"allow":["GET"]}}],"collection":[{"href":"https:\/\/www.geschiebekunde.de\/nl\/wp-json\/wp\/v2\/pages"}],"about":[{"href":"https:\/\/www.geschiebekunde.de\/nl\/wp-json\/wp\/v2\/types\/page"}],"author":[{"embeddable":true,"href":"https:\/\/www.geschiebekunde.de\/nl\/wp-json\/wp\/v2\/users\/1"}],"replies":[{"embeddable":true,"href":"https:\/\/www.geschiebekunde.de\/nl\/wp-json\/wp\/v2\/comments?post=17197"}],"version-history":[{"count":17,"href":"https:\/\/www.geschiebekunde.de\/nl\/wp-json\/wp\/v2\/pages\/17197\/revisions"}],"predecessor-version":[{"id":17883,"href":"https:\/\/www.geschiebekunde.de\/nl\/wp-json\/wp\/v2\/pages\/17197\/revisions\/17883"}],"up":[{"embeddable":true,"href":"https:\/\/www.geschiebekunde.de\/nl\/wp-json\/wp\/v2\/pages\/18"}],"wp:attachment":[{"href":"https:\/\/www.geschiebekunde.de\/nl\/wp-json\/wp\/v2\/media?parent=17197"}],"curies":[{"name":"wp","href":"https:\/\/api.w.org\/{rel}","templated":true}]}}