{"id":136,"date":"2011-03-04T12:26:30","date_gmt":"2011-03-04T12:26:30","guid":{"rendered":"http:\/\/www.geschiebekunde.de\/?page_id=136"},"modified":"2011-04-19T16:39:37","modified_gmt":"2011-04-19T16:39:37","slug":"neuigkeiten","status":"publish","type":"page","link":"https:\/\/www.geschiebekunde.de\/nl\/neuigkeiten\/","title":{"rendered":"Neuigkeiten"},"content":{"rendered":"<p>Die Internetpr\u00e4senz der Gesellschaft f\u00fcr Geschiebekunde befindet sich derzeit noch im Aufbau. Deshalb kann es vorkommen, dass einige Online-Inhalte noch nicht zur Verf\u00fcgung stehen.<\/p>\n<p>Danke f\u00fcr Ihr Verst\u00e4ndnis. Sollten Sie dennoch Fehler finden, w\u00fcrde ich mich freuen, wenn Sie mir diese unter &#97;&#x64;&#109;&#x69;&#110;&#x40;&#103;&#x65;&#115;&#x63;&#104;&#x69;e&#x62;e&#x6b;u&#x6e;d&#x65;&#46;&#x64;e miteilen.<\/p>\n","protected":false},"excerpt":{"rendered":"<p>Die Internetpr\u00e4senz der Gesellschaft f\u00fcr Geschiebekunde befindet sich derzeit noch im Aufbau. Deshalb kann es vorkommen, dass einige Online-Inhalte noch nicht zur Verf\u00fcgung stehen. Danke f\u00fcr Ihr Verst\u00e4ndnis. Sollten Sie dennoch Fehler finden, w\u00fcrde ich mich freuen, wenn Sie mir diese unter &#97;&#x64;m&#105;&#x6e;&#64;&#x67;e&#115;&#x63;h&#x69;&#x65;&#98;&#x65;k&#117;&#x6e;d&#x65;&#x2e;&#100;&#x65; miteilen.<\/p>\n","protected":false},"author":1,"featured_media":0,"parent":0,"menu_order":1,"comment_status":"closed","ping_status":"closed","template":"","meta":{"_acf_changed":false,"neve_meta_sidebar":"","neve_meta_container":"","neve_meta_enable_content_width":"","neve_meta_content_width":0,"neve_meta_title_alignment":"","neve_meta_author_avatar":"","neve_post_elements_order":"","neve_meta_disable_header":"","neve_meta_disable_footer":"","neve_meta_disable_title":"","ngg_post_thumbnail":0,"_bos_mb_destination":[],"footnotes":""},"class_list":["post-136","page","type-page","status-publish","hentry"],"translation":{"provider":"WPGlobus","version":"3.0.2","language":"nl","enabled_languages":["de","en","nl"],"languages":{"de":{"title":true,"content":true,"excerpt":false},"en":{"title":false,"content":false,"excerpt":false},"nl":{"title":false,"content":false,"excerpt":false}}},"acf":[],"publishpress_future_action":{"enabled":false,"date":"2026-05-22 17:52:01","action":"change-status","newStatus":"draft","terms":[],"taxonomy":"","extraData":[]},"publishpress_future_workflow_manual_trigger":{"enabledWorkflows":[]},"_links":{"self":[{"href":"https:\/\/www.geschiebekunde.de\/nl\/wp-json\/wp\/v2\/pages\/136","targetHints":{"allow":["GET"]}}],"collection":[{"href":"https:\/\/www.geschiebekunde.de\/nl\/wp-json\/wp\/v2\/pages"}],"about":[{"href":"https:\/\/www.geschiebekunde.de\/nl\/wp-json\/wp\/v2\/types\/page"}],"author":[{"embeddable":true,"href":"https:\/\/www.geschiebekunde.de\/nl\/wp-json\/wp\/v2\/users\/1"}],"replies":[{"embeddable":true,"href":"https:\/\/www.geschiebekunde.de\/nl\/wp-json\/wp\/v2\/comments?post=136"}],"version-history":[{"count":25,"href":"https:\/\/www.geschiebekunde.de\/nl\/wp-json\/wp\/v2\/pages\/136\/revisions"}],"predecessor-version":[{"id":15784,"href":"https:\/\/www.geschiebekunde.de\/nl\/wp-json\/wp\/v2\/pages\/136\/revisions\/15784"}],"wp:attachment":[{"href":"https:\/\/www.geschiebekunde.de\/nl\/wp-json\/wp\/v2\/media?parent=136"}],"curies":[{"name":"wp","href":"https:\/\/api.w.org\/{rel}","templated":true}]}}