{"id":105,"date":"2011-03-04T09:09:14","date_gmt":"2011-03-04T09:09:14","guid":{"rendered":"http:\/\/www.geschiebekunde.de\/?page_id=105"},"modified":"2014-01-17T17:57:27","modified_gmt":"2014-01-17T15:57:27","slug":"afg","status":"publish","type":"page","link":"https:\/\/www.geschiebekunde.de\/nl\/geschiebe\/afg\/","title":{"rendered":"AfG"},"content":{"rendered":"<p><span><strong>am Geologisch-Pal\u00e4ontologischen Institut und Museum der Universit\u00e4t Hamburg<\/strong><\/span><\/p>\n<p>&nbsp;<\/p>\n<p><span>Das\u00a0<em><strong>Archiv f\u00fcr Geschiebekunde<\/strong> <\/em>wurde am 25. April\u00a0<strong>1988 <\/strong>gegr\u00fcndet. Die Aufgaben des Archivs umfassen:<\/span><\/p>\n<ul>\n<li><span>Wissenschaftliche Magazinierung des vorhandenen sowie noch zu erwerbenden Sammlungsmaterials<\/span><\/li>\n<li><span>Aufbau einer Zentralstelle f\u00fcr Geschiebeliteratur<\/span><\/li>\n<li><span>Herausgabe einer wissenschaftlich-geschiebekundlichen Zeitschriftenreihe (&#8220;Archiv f\u00fcr Geschiebekunde&#8221;)<\/span><\/li>\n<li><span>Registrierung bestehender (vor allem auch privater) Geschiebesammlungen<\/span><\/li>\n<li><span>Aufbau einer Dauerausstellung der wichtigsten Geschiebearten und Gesteine Baltoskandiens und Norddeutschlands.<\/span><\/li>\n<\/ul>\n<p><span>Die bis zu 500 m m\u00e4chtigen quart\u00e4ren Sedimente, die Norddeutschland bedecken verdeutlichen die Abtragung durch das Inlandeis im nordischen Raum. Daher lassen sich weite Teile Baltoskandiens und auch der von den Gletschern ausger\u00e4umten Ostsee nur noch anhand der Geschiebe rekonstruieren.<\/span><\/p>\n<p><span>Wichtig ist die Geschiebeforschung vor allem f\u00fcr die Pal\u00e4ontologie. Viele Fossilien sind erstmals und h\u00e4ufig auch einzig aus Geschieben beschrieben worden. Daher ist der Bearbeiter von Geschiebefossilien zur vollst\u00e4ndigen Erfassung seines Materials gehalten, denn das zur Verf\u00fcgung stehende Material ist meist in der Menge beschr\u00e4nkt. Geschiebe und Findlinge sind naturhistorische Dokumente, die es aus Gr\u00fcnden der Forschung und Lehre zu sichern gilt.<\/span><\/p>\n<p><span>Zur Zeit umfa\u00dft das\u00a0<strong><em>Archiv f\u00fcr Geschiebekunde Hamburg<\/em>:\u00a0<span style=\"text-decoration: underline;\">ca. 20 000 St\u00fccke<\/span><\/strong> von Sediment\u00e4r-Geschieben sowie\u00a0<span style=\"text-decoration: underline;\"><strong>ca. 3 000 St\u00fccke<\/strong><\/span> Kristalliner Geschiebe<\/span><\/p>\n<p>&nbsp;<\/p>\n","protected":false},"excerpt":{"rendered":"<p>am Geologisch-Pal\u00e4ontologischen Institut und Museum der Universit\u00e4t Hamburg &nbsp; Das\u00a0Archiv f\u00fcr Geschiebekunde wurde am 25. April\u00a01988 gegr\u00fcndet. Die Aufgaben des Archivs umfassen: Wissenschaftliche Magazinierung des vorhandenen sowie noch zu erwerbenden Sammlungsmaterials Aufbau einer Zentralstelle f\u00fcr Geschiebeliteratur Herausgabe einer wissenschaftlich-geschiebekundlichen Zeitschriftenreihe (&#8220;Archiv f\u00fcr Geschiebekunde&#8221;) Registrierung bestehender (vor allem auch privater) Geschiebesammlungen Aufbau einer Dauerausstellung der wichtigsten&hellip;&nbsp;<a href=\"https:\/\/www.geschiebekunde.de\/nl\/geschiebe\/afg\/\" rel=\"bookmark\">Read More &raquo;<span class=\"screen-reader-text\">AfG<\/span><\/a><\/p>\n","protected":false},"author":1,"featured_media":0,"parent":89,"menu_order":0,"comment_status":"closed","ping_status":"closed","template":"","meta":{"_acf_changed":false,"neve_meta_sidebar":"","neve_meta_container":"","neve_meta_enable_content_width":"","neve_meta_content_width":0,"neve_meta_title_alignment":"","neve_meta_author_avatar":"","neve_post_elements_order":"","neve_meta_disable_header":"","neve_meta_disable_footer":"","neve_meta_disable_title":"","ngg_post_thumbnail":0,"_bos_mb_destination":[],"footnotes":""},"class_list":["post-105","page","type-page","status-publish","hentry"],"translation":{"provider":"WPGlobus","version":"3.0.2","language":"nl","enabled_languages":["de","en","nl"],"languages":{"de":{"title":true,"content":true,"excerpt":false},"en":{"title":false,"content":false,"excerpt":false},"nl":{"title":false,"content":false,"excerpt":false}}},"acf":[],"publishpress_future_action":{"enabled":false,"date":"2026-04-20 03:42:15","action":"change-status","newStatus":"draft","terms":[],"taxonomy":"","extraData":[]},"publishpress_future_workflow_manual_trigger":{"enabledWorkflows":[]},"_links":{"self":[{"href":"https:\/\/www.geschiebekunde.de\/nl\/wp-json\/wp\/v2\/pages\/105","targetHints":{"allow":["GET"]}}],"collection":[{"href":"https:\/\/www.geschiebekunde.de\/nl\/wp-json\/wp\/v2\/pages"}],"about":[{"href":"https:\/\/www.geschiebekunde.de\/nl\/wp-json\/wp\/v2\/types\/page"}],"author":[{"embeddable":true,"href":"https:\/\/www.geschiebekunde.de\/nl\/wp-json\/wp\/v2\/users\/1"}],"replies":[{"embeddable":true,"href":"https:\/\/www.geschiebekunde.de\/nl\/wp-json\/wp\/v2\/comments?post=105"}],"version-history":[{"count":4,"href":"https:\/\/www.geschiebekunde.de\/nl\/wp-json\/wp\/v2\/pages\/105\/revisions"}],"predecessor-version":[{"id":810,"href":"https:\/\/www.geschiebekunde.de\/nl\/wp-json\/wp\/v2\/pages\/105\/revisions\/810"}],"up":[{"embeddable":true,"href":"https:\/\/www.geschiebekunde.de\/nl\/wp-json\/wp\/v2\/pages\/89"}],"wp:attachment":[{"href":"https:\/\/www.geschiebekunde.de\/nl\/wp-json\/wp\/v2\/media?parent=105"}],"curies":[{"name":"wp","href":"https:\/\/api.w.org\/{rel}","templated":true}]}}